{"id":338,"date":"2020-03-28T14:44:49","date_gmt":"2020-03-28T13:44:49","guid":{"rendered":"https:\/\/bericht.rosenbauer.com\/2019\/?page_id=338"},"modified":"2025-04-10T14:54:33","modified_gmt":"2025-04-10T12:54:33","slug":"ausblick-auf-2025","status":"publish","type":"page","link":"https:\/\/bericht.rosenbauer.com\/2024\/geschaeftsbericht\/ausblick-auf-2025\/","title":{"rendered":"Ausblick auf 2025"},"content":{"rendered":"\t\t<div data-elementor-type=\"wp-page\" data-elementor-id=\"338\" class=\"elementor elementor-338\" data-elementor-post-type=\"page\">\n\t\t\t\t\t\t<section class=\"elementor-section elementor-top-section elementor-element elementor-element-169928c elementor-section-boxed elementor-section-height-default elementor-section-height-default\" data-id=\"169928c\" data-element_type=\"section\">\n\t\t\t\t\t\t<div class=\"elementor-container elementor-column-gap-default\">\n\t\t\t\t\t<div class=\"elementor-column elementor-col-100 elementor-top-column elementor-element elementor-element-5116269\" data-id=\"5116269\" data-element_type=\"column\">\n\t\t\t<div class=\"elementor-widget-wrap elementor-element-populated\">\n\t\t\t\t\t\t<div class=\"elementor-element elementor-element-f3be91f elementor-widget elementor-widget-spacer\" data-id=\"f3be91f\" data-element_type=\"widget\" data-widget_type=\"spacer.default\">\n\t\t\t\t<div class=\"elementor-widget-container\">\n\t\t\t\t\t\t\t<div class=\"elementor-spacer\">\n\t\t\t<div class=\"elementor-spacer-inner\"><\/div>\n\t\t<\/div>\n\t\t\t\t\t\t<\/div>\n\t\t\t\t<\/div>\n\t\t\t\t<div class=\"elementor-element elementor-element-7774aa6d elementor-widget elementor-widget-heading\" data-id=\"7774aa6d\" data-element_type=\"widget\" data-widget_type=\"heading.default\">\n\t\t\t\t<div class=\"elementor-widget-container\">\n\t\t\t\t\t<h1 class=\"elementor-heading-title elementor-size-default\">Ausblick 2025<\/h1>\t\t\t\t<\/div>\n\t\t\t\t<\/div>\n\t\t\t\t\t<\/div>\n\t\t<\/div>\n\t\t\t\t\t<\/div>\n\t\t<\/section>\n\t\t\t\t<section class=\"elementor-section elementor-top-section elementor-element elementor-element-b36b792 elementor-section-boxed elementor-section-height-default elementor-section-height-default\" data-id=\"b36b792\" data-element_type=\"section\">\n\t\t\t\t\t\t<div class=\"elementor-container elementor-column-gap-default\">\n\t\t\t\t\t<div class=\"elementor-column elementor-col-100 elementor-top-column elementor-element elementor-element-ae82f7e\" data-id=\"ae82f7e\" data-element_type=\"column\">\n\t\t\t<div class=\"elementor-widget-wrap elementor-element-populated\">\n\t\t\t\t\t\t<div class=\"elementor-element elementor-element-25ae9b9 elementor-widget elementor-widget-spacer\" data-id=\"25ae9b9\" data-element_type=\"widget\" data-widget_type=\"spacer.default\">\n\t\t\t\t<div class=\"elementor-widget-container\">\n\t\t\t\t\t\t\t<div class=\"elementor-spacer\">\n\t\t\t<div class=\"elementor-spacer-inner\"><\/div>\n\t\t<\/div>\n\t\t\t\t\t\t<\/div>\n\t\t\t\t<\/div>\n\t\t\t\t<div class=\"elementor-element elementor-element-253b961c h3-underline elementor-widget elementor-widget-heading\" data-id=\"253b961c\" data-element_type=\"widget\" data-widget_type=\"heading.default\">\n\t\t\t\t<div class=\"elementor-widget-container\">\n\t\t\t\t\t<h2 class=\"elementor-heading-title elementor-size-default\">Gesamtwirtschaftliche Entwicklung\u00b9<\/h2>\t\t\t\t<\/div>\n\t\t\t\t<\/div>\n\t\t\t\t<div class=\"elementor-element elementor-element-47332f42 elementor-widget elementor-widget-text-editor\" data-id=\"47332f42\" data-element_type=\"widget\" data-widget_type=\"text-editor.default\">\n\t\t\t\t<div class=\"elementor-widget-container\">\n\t\t\t\t\t\t\t\t\t<p>F\u00fcr 2025 prognostizierte der IWF Mitte J\u00e4nner in seinem World Economic Outlook ein globales Wachstum von 3,3 %, das damit unter dem historischen Durchschnitt zu liegen kommen wird. Die wirtschaftliche Entwicklung wird demnach auch im aktuellen Gesch\u00e4ftsjahr von Divergenzen gepr\u00e4gt sein: W\u00e4hrend die US-Wirtschaft mit einem Wachstum von 2,7 % weiterhin stabil bleibt, werden sich in Europa und Asien 2025 schw\u00e4chere Dynamiken zeigen als zuvor erwartet.<\/p><p>Die Inflation bleibt weiter ein zentrales Thema. W\u00e4hrend sich die globale Inflation verlangsamt und 2025 auf 4,2 % sinken soll, wird sie in einigen Schwellenl\u00e4ndern und rohstoffimportierenden L\u00e4ndern \u00fcberdurchschnittlich hoch bleiben. Die USA und Europa werden sich mit erwarteten 2,0 bis 2,1 % wieder den Inflationszielen ihrer Zentralbanken ann\u00e4hern.<\/p><p>Die Finanzm\u00e4rkte bleiben laut IWF im Jahr 2025 volatil \u2013 insbesondere aufgrund divergierender Zinspolitiken. W\u00e4hrend in den USA eine langsame Zinssenkung erwartet wird, k\u00f6nnten andere Volkswirtschaften ihre Geldpolitik straffer halten. Dies w\u00fcrde einen st\u00e4rkeren US-Dollar beg\u00fcnstigen und zu potenziellen Kapitalabfl\u00fcssen aus Schwellenl\u00e4ndern f\u00fchren. Gleichzeitig steigt die Unsicherheit \u00fcber die langfristige Finanzstabilit\u00e4t, insbesondere in hochverschuldeten M\u00e4rkten.<\/p>\t\t\t\t\t\t\t\t<\/div>\n\t\t\t\t<\/div>\n\t\t\t\t<div class=\"elementor-element elementor-element-82dda75 elementor-widget elementor-widget-spacer\" data-id=\"82dda75\" data-element_type=\"widget\" data-widget_type=\"spacer.default\">\n\t\t\t\t<div class=\"elementor-widget-container\">\n\t\t\t\t\t\t\t<div class=\"elementor-spacer\">\n\t\t\t<div class=\"elementor-spacer-inner\"><\/div>\n\t\t<\/div>\n\t\t\t\t\t\t<\/div>\n\t\t\t\t<\/div>\n\t\t\t\t<div class=\"elementor-element elementor-element-9d40384 h3-underline elementor-widget elementor-widget-heading\" data-id=\"9d40384\" data-element_type=\"widget\" data-widget_type=\"heading.default\">\n\t\t\t\t<div class=\"elementor-widget-container\">\n\t\t\t\t\t<h2 class=\"elementor-heading-title elementor-size-default\">Perspektiven auf den Absatzm\u00e4rkten<\/h2>\t\t\t\t<\/div>\n\t\t\t\t<\/div>\n\t\t\t\t<div class=\"elementor-element elementor-element-79cf377 elementor-widget elementor-widget-text-editor\" data-id=\"79cf377\" data-element_type=\"widget\" data-widget_type=\"text-editor.default\">\n\t\t\t\t<div class=\"elementor-widget-container\">\n\t\t\t\t\t\t\t\t\t<p>Die Feuerwehrbranche folgt der konjunkturellen Entwicklung mit einem Abstand von ein bis zwei Jahren. Die Nachfrage wird stark von L\u00e4ndern mit kontinuierlichem Beschaffungswesen bestimmt. Aber auch ein erh\u00f6htes Sicherheitsbewusstsein nach Naturkatastrophen und anderen Elementarereignissen f\u00fchrt zu vermehrten Investitionen in Feuerwehrtechnik und -ausr\u00fcstung. Weltweit ist wieder eine verst\u00e4rkte Investitionsbereitschaft der Flugh\u00e4fen erkennbar. In Europa werden aus geopolitischen Erw\u00e4gungen neue Finanzierungsprogramme f\u00fcr Sicherheit und Infrastruktur geschn\u00fcrt.<\/p><p>Nachdem auch die internationalen Lieferketten zur gewohnten Stabilit\u00e4t zur\u00fcckgefunden haben, sollte die globale Feuerwehrbranche im laufenden Jahr 2025 weiter wachsen. Denn trotz eines schwachen konjunkturellen Umfelds investiert der \u00f6ffentliche Sektor kontinuierlich in die Sicherheit von Menschen und Infrastruktur.<\/p><p>Rosenbauer verfolgt die Entwicklung der verschiedenen Feuerwehrm\u00e4rkte sehr genau, um Absatzchancen fr\u00fchzeitig nutzen zu k\u00f6nnen. Abh\u00e4ngig davon, welche L\u00e4nder oder Regionen ein erh\u00f6htes Beschaffungsvolumen erkennen lassen, werden die Vertriebsaktivit\u00e4ten vor Ort intensiviert. Zum Bilanzstichtag verf\u00fcgte der Konzern \u00fcber einen historisch hohen Auftragsbestand von 2.279,8 Mio. \u20ac (2023: 1.788,0 Mio. \u20ac). Dieser Wert liegt deutlich \u00fcber einem Konzernjahresumsatz und stellt die Auslastung bis ins Jahr 2026 sicher.<\/p>\t\t\t\t\t\t\t\t<\/div>\n\t\t\t\t<\/div>\n\t\t\t\t<div class=\"elementor-element elementor-element-5b67605 elementor-widget elementor-widget-spacer\" data-id=\"5b67605\" data-element_type=\"widget\" data-widget_type=\"spacer.default\">\n\t\t\t\t<div class=\"elementor-widget-container\">\n\t\t\t\t\t\t\t<div class=\"elementor-spacer\">\n\t\t\t<div class=\"elementor-spacer-inner\"><\/div>\n\t\t<\/div>\n\t\t\t\t\t\t<\/div>\n\t\t\t\t<\/div>\n\t\t\t\t<div class=\"elementor-element elementor-element-251fa793 h3-underline elementor-widget elementor-widget-heading\" data-id=\"251fa793\" data-element_type=\"widget\" data-widget_type=\"heading.default\">\n\t\t\t\t<div class=\"elementor-widget-container\">\n\t\t\t\t\t<h2 class=\"elementor-heading-title elementor-size-default\">Umsatz- und Ertragslage<\/h2>\t\t\t\t<\/div>\n\t\t\t\t<\/div>\n\t\t\t\t<div class=\"elementor-element elementor-element-43cd3b74 elementor-widget elementor-widget-text-editor\" data-id=\"43cd3b74\" data-element_type=\"widget\" data-widget_type=\"text-editor.default\">\n\t\t\t\t<div class=\"elementor-widget-container\">\n\t\t\t\t\t\t\t\t\t<p>Die Feuerwehrindustrie, deren Auftragsb\u00fccher gut gef\u00fcllt sind, ist ein Sp\u00e4tzykliker. Wesentliche Treiber des aktuellen Umsatzanstiegs sind die verbesserten Lieferketten, die eine schnellere Produktion und Auslieferung der bestellten Fahrzeuge und Ausr\u00fcstungen erm\u00f6glichen. Demnach sollten die Feuerwehr-Unternehmen auch 2025 von einem insgesamt h\u00f6heren Branchenumsatz ausgehen k\u00f6nnen. Unklar ist hingegen, wie sich die knappen Budgets der Kommunen und etwaige neue Handelsbarrieren auf die weitere Nachfrage auswirken werden.<\/p><p>Nach einem Rekordauftragseingang in Jahr 2024 mit 1.705,2 Mio. \u20ac ist der Rosenbauer Konzern mit einem soliden Auftragsbestand von 2.279,8 Mio. \u20ac, was deutlich \u00fcber einem Jahresumsatz liegt, in das laufende Gesch\u00e4ftsjahr gestartet. F\u00fcr das Jahr 2025 erwartet der Vorstand einen Umsatz von circa 1,5 Mrd. \u20ac. Die EBIT-Marge soll sich, basierend auf den Initiativen der letzten beiden Jahre, weiter auf \u00fcber 6 % verbessern.<\/p>\t\t\t\t\t\t\t\t<\/div>\n\t\t\t\t<\/div>\n\t\t\t\t<div class=\"elementor-element elementor-element-d1b7f19 elementor-widget elementor-widget-spacer\" data-id=\"d1b7f19\" data-element_type=\"widget\" data-widget_type=\"spacer.default\">\n\t\t\t\t<div class=\"elementor-widget-container\">\n\t\t\t\t\t\t\t<div class=\"elementor-spacer\">\n\t\t\t<div class=\"elementor-spacer-inner\"><\/div>\n\t\t<\/div>\n\t\t\t\t\t\t<\/div>\n\t\t\t\t<\/div>\n\t\t\t\t<div class=\"elementor-element elementor-element-b06a58b elementor-widget elementor-widget-text-editor\" data-id=\"b06a58b\" data-element_type=\"widget\" data-widget_type=\"text-editor.default\">\n\t\t\t\t<div class=\"elementor-widget-container\">\n\t\t\t\t\t\t\t\t\t<p><sup>1<\/sup> IWF, World Economic Outlook, 17. J\u00e4nner 2025.<\/p>\t\t\t\t\t\t\t\t<\/div>\n\t\t\t\t<\/div>\n\t\t\t\t\t<\/div>\n\t\t<\/div>\n\t\t\t\t\t<\/div>\n\t\t<\/section>\n\t\t\t\t<\/div>\n\t\t","protected":false},"excerpt":{"rendered":"<p>Ausblick 2025 Gesamtwirtschaftliche Entwicklung\u00b9 F\u00fcr 2025 prognostizierte der IWF Mitte J\u00e4nner in seinem World Economic Outlook ein globales Wachstum von 3,3 %, das damit unter dem historischen Durchschnitt zu liegen kommen wird. Die wirtschaftliche Entwicklung wird demnach auch im aktuellen Gesch\u00e4ftsjahr von Divergenzen gepr\u00e4gt sein: W\u00e4hrend die US-Wirtschaft mit einem Wachstum von 2,7 % weiterhin [&hellip;]<\/p>\n","protected":false},"author":1,"featured_media":0,"parent":11,"menu_order":140,"comment_status":"closed","ping_status":"closed","template":"","meta":{"_acf_changed":false,"footnotes":""},"class_list":["post-338","page","type-page","status-publish","hentry"],"acf":[],"yoast_head":"<!-- This site is optimized with the Yoast SEO plugin v24.8.1 - https:\/\/yoast.com\/wordpress\/plugins\/seo\/ -->\n<title>Ausblick auf 2025 | Rosenbauer<\/title>\n<meta name=\"robots\" content=\"index, follow, max-snippet:-1, max-image-preview:large, max-video-preview:-1\" \/>\n<link rel=\"canonical\" href=\"https:\/\/bericht.rosenbauer.com\/2024\/geschaeftsbericht\/ausblick-auf-2025\/\" \/>\n<meta property=\"og:locale\" content=\"de_DE\" \/>\n<meta property=\"og:type\" content=\"article\" \/>\n<meta property=\"og:title\" content=\"Ausblick auf 2025 | Rosenbauer\" \/>\n<meta property=\"og:description\" content=\"Ausblick 2025 Gesamtwirtschaftliche Entwicklung\u00b9 F\u00fcr 2025 prognostizierte der IWF Mitte J\u00e4nner in seinem World Economic Outlook ein globales Wachstum von 3,3 %, das damit unter dem historischen Durchschnitt zu liegen kommen wird. Die wirtschaftliche Entwicklung wird demnach auch im aktuellen Gesch\u00e4ftsjahr von Divergenzen gepr\u00e4gt sein: W\u00e4hrend die US-Wirtschaft mit einem Wachstum von 2,7 % weiterhin [&hellip;]\" \/>\n<meta property=\"og:url\" content=\"https:\/\/bericht.rosenbauer.com\/2024\/geschaeftsbericht\/ausblick-auf-2025\/\" \/>\n<meta property=\"og:site_name\" content=\"Rosenbauer\" \/>\n<meta property=\"article:modified_time\" content=\"2025-04-10T12:54:33+00:00\" \/>\n<meta name=\"twitter:card\" content=\"summary_large_image\" \/>\n<meta name=\"twitter:label1\" content=\"Gesch\u00e4tzte Lesezeit\" \/>\n\t<meta name=\"twitter:data1\" content=\"3\u00a0Minuten\" \/>\n<script type=\"application\/ld+json\" class=\"yoast-schema-graph\">{\"@context\":\"https:\/\/schema.org\",\"@graph\":[{\"@type\":\"WebPage\",\"@id\":\"https:\/\/bericht.rosenbauer.com\/2024\/geschaeftsbericht\/ausblick-auf-2025\/\",\"url\":\"https:\/\/bericht.rosenbauer.com\/2024\/geschaeftsbericht\/ausblick-auf-2025\/\",\"name\":\"Ausblick auf 2025 | Rosenbauer\",\"isPartOf\":{\"@id\":\"https:\/\/bericht.rosenbauer.com\/2024\/#website\"},\"datePublished\":\"2020-03-28T13:44:49+00:00\",\"dateModified\":\"2025-04-10T12:54:33+00:00\",\"breadcrumb\":{\"@id\":\"https:\/\/bericht.rosenbauer.com\/2024\/geschaeftsbericht\/ausblick-auf-2025\/#breadcrumb\"},\"inLanguage\":\"de\",\"potentialAction\":[{\"@type\":\"ReadAction\",\"target\":[\"https:\/\/bericht.rosenbauer.com\/2024\/geschaeftsbericht\/ausblick-auf-2025\/\"]}]},{\"@type\":\"BreadcrumbList\",\"@id\":\"https:\/\/bericht.rosenbauer.com\/2024\/geschaeftsbericht\/ausblick-auf-2025\/#breadcrumb\",\"itemListElement\":[{\"@type\":\"ListItem\",\"position\":1,\"name\":\"Startseite\",\"item\":\"https:\/\/bericht.rosenbauer.com\/2024\/\"},{\"@type\":\"ListItem\",\"position\":2,\"name\":\"Gesch\u00e4ftsbericht\",\"item\":\"https:\/\/bericht.rosenbauer.com\/2024\/\"},{\"@type\":\"ListItem\",\"position\":3,\"name\":\"Ausblick auf 2025\"}]},{\"@type\":\"WebSite\",\"@id\":\"https:\/\/bericht.rosenbauer.com\/2024\/#website\",\"url\":\"https:\/\/bericht.rosenbauer.com\/2024\/\",\"name\":\"Rosenbauer\",\"description\":\"\",\"potentialAction\":[{\"@type\":\"SearchAction\",\"target\":{\"@type\":\"EntryPoint\",\"urlTemplate\":\"https:\/\/bericht.rosenbauer.com\/2024\/?s={search_term_string}\"},\"query-input\":{\"@type\":\"PropertyValueSpecification\",\"valueRequired\":true,\"valueName\":\"search_term_string\"}}],\"inLanguage\":\"de\"}]}<\/script>\n<!-- \/ Yoast SEO plugin. -->","yoast_head_json":{"title":"Ausblick auf 2025 | Rosenbauer","robots":{"index":"index","follow":"follow","max-snippet":"max-snippet:-1","max-image-preview":"max-image-preview:large","max-video-preview":"max-video-preview:-1"},"canonical":"https:\/\/bericht.rosenbauer.com\/2024\/geschaeftsbericht\/ausblick-auf-2025\/","og_locale":"de_DE","og_type":"article","og_title":"Ausblick auf 2025 | Rosenbauer","og_description":"Ausblick 2025 Gesamtwirtschaftliche Entwicklung\u00b9 F\u00fcr 2025 prognostizierte der IWF Mitte J\u00e4nner in seinem World Economic Outlook ein globales Wachstum von 3,3 %, das damit unter dem historischen Durchschnitt zu liegen kommen wird. Die wirtschaftliche Entwicklung wird demnach auch im aktuellen Gesch\u00e4ftsjahr von Divergenzen gepr\u00e4gt sein: W\u00e4hrend die US-Wirtschaft mit einem Wachstum von 2,7 % weiterhin [&hellip;]","og_url":"https:\/\/bericht.rosenbauer.com\/2024\/geschaeftsbericht\/ausblick-auf-2025\/","og_site_name":"Rosenbauer","article_modified_time":"2025-04-10T12:54:33+00:00","twitter_card":"summary_large_image","twitter_misc":{"Gesch\u00e4tzte Lesezeit":"3\u00a0Minuten"},"schema":{"@context":"https:\/\/schema.org","@graph":[{"@type":"WebPage","@id":"https:\/\/bericht.rosenbauer.com\/2024\/geschaeftsbericht\/ausblick-auf-2025\/","url":"https:\/\/bericht.rosenbauer.com\/2024\/geschaeftsbericht\/ausblick-auf-2025\/","name":"Ausblick auf 2025 | Rosenbauer","isPartOf":{"@id":"https:\/\/bericht.rosenbauer.com\/2024\/#website"},"datePublished":"2020-03-28T13:44:49+00:00","dateModified":"2025-04-10T12:54:33+00:00","breadcrumb":{"@id":"https:\/\/bericht.rosenbauer.com\/2024\/geschaeftsbericht\/ausblick-auf-2025\/#breadcrumb"},"inLanguage":"de","potentialAction":[{"@type":"ReadAction","target":["https:\/\/bericht.rosenbauer.com\/2024\/geschaeftsbericht\/ausblick-auf-2025\/"]}]},{"@type":"BreadcrumbList","@id":"https:\/\/bericht.rosenbauer.com\/2024\/geschaeftsbericht\/ausblick-auf-2025\/#breadcrumb","itemListElement":[{"@type":"ListItem","position":1,"name":"Startseite","item":"https:\/\/bericht.rosenbauer.com\/2024\/"},{"@type":"ListItem","position":2,"name":"Gesch\u00e4ftsbericht","item":"https:\/\/bericht.rosenbauer.com\/2024\/"},{"@type":"ListItem","position":3,"name":"Ausblick auf 2025"}]},{"@type":"WebSite","@id":"https:\/\/bericht.rosenbauer.com\/2024\/#website","url":"https:\/\/bericht.rosenbauer.com\/2024\/","name":"Rosenbauer","description":"","potentialAction":[{"@type":"SearchAction","target":{"@type":"EntryPoint","urlTemplate":"https:\/\/bericht.rosenbauer.com\/2024\/?s={search_term_string}"},"query-input":{"@type":"PropertyValueSpecification","valueRequired":true,"valueName":"search_term_string"}}],"inLanguage":"de"}]}},"_links":{"self":[{"href":"https:\/\/bericht.rosenbauer.com\/2024\/wp-json\/wp\/v2\/pages\/338","targetHints":{"allow":["GET"]}}],"collection":[{"href":"https:\/\/bericht.rosenbauer.com\/2024\/wp-json\/wp\/v2\/pages"}],"about":[{"href":"https:\/\/bericht.rosenbauer.com\/2024\/wp-json\/wp\/v2\/types\/page"}],"author":[{"embeddable":true,"href":"https:\/\/bericht.rosenbauer.com\/2024\/wp-json\/wp\/v2\/users\/1"}],"replies":[{"embeddable":true,"href":"https:\/\/bericht.rosenbauer.com\/2024\/wp-json\/wp\/v2\/comments?post=338"}],"version-history":[{"count":3,"href":"https:\/\/bericht.rosenbauer.com\/2024\/wp-json\/wp\/v2\/pages\/338\/revisions"}],"predecessor-version":[{"id":21743,"href":"https:\/\/bericht.rosenbauer.com\/2024\/wp-json\/wp\/v2\/pages\/338\/revisions\/21743"}],"up":[{"embeddable":true,"href":"https:\/\/bericht.rosenbauer.com\/2024\/wp-json\/wp\/v2\/pages\/11"}],"wp:attachment":[{"href":"https:\/\/bericht.rosenbauer.com\/2024\/wp-json\/wp\/v2\/media?parent=338"}],"curies":[{"name":"wp","href":"https:\/\/api.w.org\/{rel}","templated":true}]}}