{"id":340,"date":"2020-03-26T14:45:44","date_gmt":"2020-03-26T13:45:44","guid":{"rendered":"https:\/\/bericht.rosenbauer.com\/2019\/?page_id=340"},"modified":"2025-04-09T09:42:06","modified_gmt":"2025-04-09T07:42:06","slug":"nichtfinanzieller-bericht","status":"publish","type":"page","link":"https:\/\/bericht.rosenbauer.com\/2024\/nichtfinanzieller-bericht\/","title":{"rendered":"Nichtfinanzieller Bericht 2024"},"content":{"rendered":"\t\t<div data-elementor-type=\"wp-page\" data-elementor-id=\"340\" class=\"elementor elementor-340\" data-elementor-post-type=\"page\">\n\t\t\t\t\t\t<section class=\"elementor-section elementor-top-section elementor-element elementor-element-ce86c1a elementor-section-boxed elementor-section-height-default elementor-section-height-default\" data-id=\"ce86c1a\" data-element_type=\"section\">\n\t\t\t\t\t\t<div class=\"elementor-container elementor-column-gap-default\">\n\t\t\t\t\t<div class=\"elementor-column elementor-col-100 elementor-top-column elementor-element elementor-element-6fdaf2f\" data-id=\"6fdaf2f\" data-element_type=\"column\">\n\t\t\t<div class=\"elementor-widget-wrap elementor-element-populated\">\n\t\t\t\t\t\t<div class=\"elementor-element elementor-element-a5a5f59 elementor-widget elementor-widget-spacer\" data-id=\"a5a5f59\" data-element_type=\"widget\" data-widget_type=\"spacer.default\">\n\t\t\t\t<div class=\"elementor-widget-container\">\n\t\t\t\t\t\t\t<div class=\"elementor-spacer\">\n\t\t\t<div class=\"elementor-spacer-inner\"><\/div>\n\t\t<\/div>\n\t\t\t\t\t\t<\/div>\n\t\t\t\t<\/div>\n\t\t\t\t<div class=\"elementor-element elementor-element-2773ff57 elementor-widget elementor-widget-heading\" data-id=\"2773ff57\" data-element_type=\"widget\" data-widget_type=\"heading.default\">\n\t\t\t\t<div class=\"elementor-widget-container\">\n\t\t\t\t\t<h1 class=\"elementor-heading-title elementor-size-default\">Nichtfinanzieller Bericht<\/h1>\t\t\t\t<\/div>\n\t\t\t\t<\/div>\n\t\t\t\t\t<\/div>\n\t\t<\/div>\n\t\t\t\t\t<\/div>\n\t\t<\/section>\n\t\t\t\t<section class=\"elementor-section elementor-top-section elementor-element elementor-element-d6afc5b elementor-section-boxed elementor-section-height-default elementor-section-height-default\" data-id=\"d6afc5b\" data-element_type=\"section\">\n\t\t\t\t\t\t<div class=\"elementor-container elementor-column-gap-default\">\n\t\t\t\t\t<div class=\"elementor-column elementor-col-100 elementor-top-column elementor-element elementor-element-c52ab41\" data-id=\"c52ab41\" data-element_type=\"column\">\n\t\t\t<div class=\"elementor-widget-wrap elementor-element-populated\">\n\t\t\t\t\t\t<div class=\"elementor-element elementor-element-3c1ffa92 h3-underline elementor-widget elementor-widget-heading\" data-id=\"3c1ffa92\" data-element_type=\"widget\" data-widget_type=\"heading.default\">\n\t\t\t\t<div class=\"elementor-widget-container\">\n\t\t\t\t\t<h2 class=\"elementor-heading-title elementor-size-default\">Vorwort des Vorstandes<\/h2>\t\t\t\t<\/div>\n\t\t\t\t<\/div>\n\t\t\t\t<div class=\"elementor-element elementor-element-4588ff61 elementor-widget elementor-widget-text-editor\" data-id=\"4588ff61\" data-element_type=\"widget\" data-widget_type=\"text-editor.default\">\n\t\t\t\t<div class=\"elementor-widget-container\">\n\t\t\t\t\t\t\t\t\t<p><strong>Sehr geehrte Damen und Herren<\/strong>,<\/p><p>mit dem Nichtfinanziellen Bericht 2024 informiert die Rosenbauer International AG \u00fcber wesentliche Nachhaltigkeitsthemen und den Stand ihrer Integration in die Unternehmensstrategie und das Gesch\u00e4ftsmodell von Rosenbauer.<\/p>\t\t\t\t\t\t\t\t<\/div>\n\t\t\t\t<\/div>\n\t\t\t\t<div class=\"elementor-element elementor-element-a633039 elementor-widget elementor-widget-spacer\" data-id=\"a633039\" data-element_type=\"widget\" data-widget_type=\"spacer.default\">\n\t\t\t\t<div class=\"elementor-widget-container\">\n\t\t\t\t\t\t\t<div class=\"elementor-spacer\">\n\t\t\t<div class=\"elementor-spacer-inner\"><\/div>\n\t\t<\/div>\n\t\t\t\t\t\t<\/div>\n\t\t\t\t<\/div>\n\t\t\t\t<div class=\"elementor-element elementor-element-0213374 elementor-widget elementor-widget-image\" data-id=\"0213374\" data-element_type=\"widget\" data-widget_type=\"image.default\">\n\t\t\t\t<div class=\"elementor-widget-container\">\n\t\t\t\t\t\t\t\t\t\t\t\t\t\t\t<img fetchpriority=\"high\" decoding=\"async\" width=\"1536\" height=\"730\" src=\"https:\/\/bericht.rosenbauer.com\/2024\/wp-content\/uploads\/Vorstand-1536x730.jpg\" class=\"attachment-1536x1536 size-1536x1536 wp-image-21432\" alt=\"\" srcset=\"https:\/\/bericht.rosenbauer.com\/2024\/wp-content\/uploads\/Vorstand-1536x730.jpg 1536w, https:\/\/bericht.rosenbauer.com\/2024\/wp-content\/uploads\/Vorstand-300x143.jpg 300w, https:\/\/bericht.rosenbauer.com\/2024\/wp-content\/uploads\/Vorstand-1024x487.jpg 1024w, https:\/\/bericht.rosenbauer.com\/2024\/wp-content\/uploads\/Vorstand-768x365.jpg 768w, https:\/\/bericht.rosenbauer.com\/2024\/wp-content\/uploads\/Vorstand.jpg 1920w\" sizes=\"(max-width: 1536px) 100vw, 1536px\" \/>\t\t\t\t\t\t\t\t\t\t\t\t\t\t\t<\/div>\n\t\t\t\t<\/div>\n\t\t\t\t<div class=\"elementor-element elementor-element-864b588 elementor-widget elementor-widget-text-editor\" data-id=\"864b588\" data-element_type=\"widget\" data-widget_type=\"text-editor.default\">\n\t\t\t\t<div class=\"elementor-widget-container\">\n\t\t\t\t\t\t\t\t\t<p>Markus Richter, CFO, Sebastian Wolf, CEO, Andreas Zeller, CSO<\/p>\t\t\t\t\t\t\t\t<\/div>\n\t\t\t\t<\/div>\n\t\t\t\t<div class=\"elementor-element elementor-element-1f9d6f5 elementor-widget elementor-widget-spacer\" data-id=\"1f9d6f5\" data-element_type=\"widget\" data-widget_type=\"spacer.default\">\n\t\t\t\t<div class=\"elementor-widget-container\">\n\t\t\t\t\t\t\t<div class=\"elementor-spacer\">\n\t\t\t<div class=\"elementor-spacer-inner\"><\/div>\n\t\t<\/div>\n\t\t\t\t\t\t<\/div>\n\t\t\t\t<\/div>\n\t\t\t\t<div class=\"elementor-element elementor-element-996dc53 elementor-widget elementor-widget-text-editor\" data-id=\"996dc53\" data-element_type=\"widget\" data-widget_type=\"text-editor.default\">\n\t\t\t\t<div class=\"elementor-widget-container\">\n\t\t\t\t\t\t\t\t\t<p>Im Berichtsjahr wurden wichtige Schritte in den Bereichen Nachhaltigkeit und Unternehmensf\u00fchrung umgesetzt. Die neue Verg\u00fctungspolitik, die ab dem Gesch\u00e4ftsjahr 2025 gilt, ber\u00fccksichtigt erstmals ESG-Kriterien und erweitert die Leistungsbewertung von Vorstand, Aufsichtsrat und F\u00fchrungskr\u00e4ften auf nachhaltigkeitsbezogene Aspekte.<\/p><p>Zur Vorbereitung auf die Corporate Sustainability Reporting Directive (CSRD) wurden eine doppelte Wesentlichkeitsanalyse (DMA) sowie eine Klimarisiko- und -vulnerabilit\u00e4tsanalyse durchgef\u00fchrt. Die Ergebnisse der DMA definierten dabei die Struktur des vorliegenden Berichtes und zusammen mit der Klimarisikoanalyse bilden sie eine wichtige Grundlage f\u00fcr einen k\u00fcnftigen Transition Plan und weitere Entscheidungen. Obwohl das \u00f6sterreichische Umsetzungsgesetz noch ausst\u00e4ndig ist, sehen wir uns damit gut auf die CSRD vorbereitet.<\/p><p>Die Klimastrategie wurde mit Energieeffizienzma\u00dfnahmen weiter verfolgt. Die Validierung der Klimaziele durch die Science Based Targets initiative (SBTi) best\u00e4tigt die Ausrichtung an internationalen Klimazielen. Zudem haben wir im Berichtsjahr 2024 wieder am CDP Climate Rating teilgenommen und ein B- Rating erzielt. Ma\u00dfnahmen zur F\u00f6rderung der Gleichstellung wurden fortgef\u00fchrt. Die Initiative women@rosenbauer und die Unterst\u00fctzung der UN Women Empowerment Principles (WEPs) werden dazu beitragen, den Frauenanteil im Unternehmen weiter zu erh\u00f6hen.<\/p><p>Die nachhaltige Weiterentwicklung des Gesch\u00e4ftsmodells bleibt ein Schwerpunkt. Neben der Elektrifizierung von Feuerwehrfahrzeugen verfolgen wir mit unserem Refurbishment-Programm und dem Ausbau unserer Service-Infrastruktur Ans\u00e4tze in Richtung zirkul\u00e4re Gesch\u00e4ftsmodelle.<\/p><p>Mit diesem Bericht dokumentiert Rosenbauer den Fortschritt bei zentralen Nachhaltigkeitsthemen.<\/p><p>Mit freundlichen Gr\u00fc\u00dfen,<\/p><p>MARKUS RICHTER, CFO<br \/>SEBASTIAN WOLF, CEO<br \/>ANDREAS ZELLER, CSO<\/p>\t\t\t\t\t\t\t\t<\/div>\n\t\t\t\t<\/div>\n\t\t\t\t<div class=\"elementor-element elementor-element-eb6b232 elementor-widget elementor-widget-spacer\" data-id=\"eb6b232\" data-element_type=\"widget\" data-widget_type=\"spacer.default\">\n\t\t\t\t<div class=\"elementor-widget-container\">\n\t\t\t\t\t\t\t<div class=\"elementor-spacer\">\n\t\t\t<div class=\"elementor-spacer-inner\"><\/div>\n\t\t<\/div>\n\t\t\t\t\t\t<\/div>\n\t\t\t\t<\/div>\n\t\t\t\t<div class=\"elementor-element elementor-element-960b411 h3-underline elementor-widget elementor-widget-heading\" data-id=\"960b411\" data-element_type=\"widget\" data-widget_type=\"heading.default\">\n\t\t\t\t<div class=\"elementor-widget-container\">\n\t\t\t\t\t<h2 class=\"elementor-heading-title elementor-size-default\">Der Text auf dieser Seite ist ein Auszug aus dem Rosenbauer Nichtfinzanziellen Bericht 2024. Den kompletten Bericht finden Sie im Downloadcenter als PDF.<\/h2>\t\t\t\t<\/div>\n\t\t\t\t<\/div>\n\t\t\t\t<div class=\"elementor-element elementor-element-032578f elementor-widget elementor-widget-arrow-button\" data-id=\"032578f\" data-element_type=\"widget\" data-widget_type=\"arrow-button.default\">\n\t\t\t\t<div class=\"elementor-widget-container\">\n\t\t\t\t\t\n            <div class=\"arrow-button-container left\">\n                <a href=\"https:\/\/bericht.rosenbauer.com\/2024\/#downloadcenter\" class=\"arrow-button white-back-green\">Zum Downloadcenter<\/a>\n            <\/div>\t\t\t\t<\/div>\n\t\t\t\t<\/div>\n\t\t\t\t<div class=\"elementor-element elementor-element-905ec99 elementor-widget elementor-widget-spacer\" data-id=\"905ec99\" data-element_type=\"widget\" data-widget_type=\"spacer.default\">\n\t\t\t\t<div class=\"elementor-widget-container\">\n\t\t\t\t\t\t\t<div class=\"elementor-spacer\">\n\t\t\t<div class=\"elementor-spacer-inner\"><\/div>\n\t\t<\/div>\n\t\t\t\t\t\t<\/div>\n\t\t\t\t<\/div>\n\t\t\t\t\t<\/div>\n\t\t<\/div>\n\t\t\t\t\t<\/div>\n\t\t<\/section>\n\t\t\t\t<\/div>\n\t\t","protected":false},"excerpt":{"rendered":"<p>Nichtfinanzieller Bericht Vorwort des Vorstandes Sehr geehrte Damen und Herren, mit dem Nichtfinanziellen Bericht 2024 informiert die Rosenbauer International AG \u00fcber wesentliche Nachhaltigkeitsthemen und den Stand ihrer Integration in die Unternehmensstrategie und das Gesch\u00e4ftsmodell von Rosenbauer. Markus Richter, CFO, Sebastian Wolf, CEO, Andreas Zeller, CSO Im Berichtsjahr wurden wichtige Schritte in den Bereichen Nachhaltigkeit und [&hellip;]<\/p>\n","protected":false},"author":1,"featured_media":0,"parent":0,"menu_order":160,"comment_status":"closed","ping_status":"closed","template":"","meta":{"_acf_changed":false,"footnotes":""},"class_list":["post-340","page","type-page","status-publish","hentry"],"acf":[],"yoast_head":"<!-- This site is optimized with the Yoast SEO plugin v24.8.1 - https:\/\/yoast.com\/wordpress\/plugins\/seo\/ -->\n<title>Nichtfinanzieller Bericht 2024 | Rosenbauer<\/title>\n<meta name=\"robots\" content=\"index, follow, max-snippet:-1, max-image-preview:large, max-video-preview:-1\" \/>\n<link rel=\"canonical\" href=\"https:\/\/bericht.rosenbauer.com\/2024\/nichtfinanzieller-bericht\/\" \/>\n<meta property=\"og:locale\" content=\"de_DE\" \/>\n<meta property=\"og:type\" content=\"article\" \/>\n<meta property=\"og:title\" content=\"Nichtfinanzieller Bericht 2024 | Rosenbauer\" \/>\n<meta property=\"og:description\" content=\"Nichtfinanzieller Bericht Vorwort des Vorstandes Sehr geehrte Damen und Herren, mit dem Nichtfinanziellen Bericht 2024 informiert die Rosenbauer International AG \u00fcber wesentliche Nachhaltigkeitsthemen und den Stand ihrer Integration in die Unternehmensstrategie und das Gesch\u00e4ftsmodell von Rosenbauer. Markus Richter, CFO, Sebastian Wolf, CEO, Andreas Zeller, CSO Im Berichtsjahr wurden wichtige Schritte in den Bereichen Nachhaltigkeit und [&hellip;]\" \/>\n<meta property=\"og:url\" content=\"https:\/\/bericht.rosenbauer.com\/2024\/nichtfinanzieller-bericht\/\" \/>\n<meta property=\"og:site_name\" content=\"Rosenbauer\" \/>\n<meta property=\"article:modified_time\" content=\"2025-04-09T07:42:06+00:00\" \/>\n<meta property=\"og:image\" content=\"https:\/\/bericht.rosenbauer.com\/2024\/wp-content\/uploads\/Vorstand.jpg\" \/>\n\t<meta property=\"og:image:width\" content=\"1920\" \/>\n\t<meta property=\"og:image:height\" content=\"913\" \/>\n\t<meta property=\"og:image:type\" content=\"image\/jpeg\" \/>\n<meta name=\"twitter:card\" content=\"summary_large_image\" \/>\n<meta name=\"twitter:label1\" content=\"Gesch\u00e4tzte Lesezeit\" \/>\n\t<meta name=\"twitter:data1\" content=\"2\u00a0Minuten\" \/>\n<script type=\"application\/ld+json\" class=\"yoast-schema-graph\">{\"@context\":\"https:\/\/schema.org\",\"@graph\":[{\"@type\":\"WebPage\",\"@id\":\"https:\/\/bericht.rosenbauer.com\/2024\/nichtfinanzieller-bericht\/\",\"url\":\"https:\/\/bericht.rosenbauer.com\/2024\/nichtfinanzieller-bericht\/\",\"name\":\"Nichtfinanzieller Bericht 2024 | Rosenbauer\",\"isPartOf\":{\"@id\":\"https:\/\/bericht.rosenbauer.com\/2024\/#website\"},\"primaryImageOfPage\":{\"@id\":\"https:\/\/bericht.rosenbauer.com\/2024\/nichtfinanzieller-bericht\/#primaryimage\"},\"image\":{\"@id\":\"https:\/\/bericht.rosenbauer.com\/2024\/nichtfinanzieller-bericht\/#primaryimage\"},\"thumbnailUrl\":\"https:\/\/bericht.rosenbauer.com\/2024\/wp-content\/uploads\/Vorstand-1536x730.jpg\",\"datePublished\":\"2020-03-26T13:45:44+00:00\",\"dateModified\":\"2025-04-09T07:42:06+00:00\",\"breadcrumb\":{\"@id\":\"https:\/\/bericht.rosenbauer.com\/2024\/nichtfinanzieller-bericht\/#breadcrumb\"},\"inLanguage\":\"de\",\"potentialAction\":[{\"@type\":\"ReadAction\",\"target\":[\"https:\/\/bericht.rosenbauer.com\/2024\/nichtfinanzieller-bericht\/\"]}]},{\"@type\":\"ImageObject\",\"inLanguage\":\"de\",\"@id\":\"https:\/\/bericht.rosenbauer.com\/2024\/nichtfinanzieller-bericht\/#primaryimage\",\"url\":\"https:\/\/bericht.rosenbauer.com\/2024\/wp-content\/uploads\/Vorstand.jpg\",\"contentUrl\":\"https:\/\/bericht.rosenbauer.com\/2024\/wp-content\/uploads\/Vorstand.jpg\",\"width\":1920,\"height\":913},{\"@type\":\"BreadcrumbList\",\"@id\":\"https:\/\/bericht.rosenbauer.com\/2024\/nichtfinanzieller-bericht\/#breadcrumb\",\"itemListElement\":[{\"@type\":\"ListItem\",\"position\":1,\"name\":\"Startseite\",\"item\":\"https:\/\/bericht.rosenbauer.com\/2024\/\"},{\"@type\":\"ListItem\",\"position\":2,\"name\":\"Nichtfinanzieller Bericht 2024\"}]},{\"@type\":\"WebSite\",\"@id\":\"https:\/\/bericht.rosenbauer.com\/2024\/#website\",\"url\":\"https:\/\/bericht.rosenbauer.com\/2024\/\",\"name\":\"Rosenbauer\",\"description\":\"\",\"potentialAction\":[{\"@type\":\"SearchAction\",\"target\":{\"@type\":\"EntryPoint\",\"urlTemplate\":\"https:\/\/bericht.rosenbauer.com\/2024\/?s={search_term_string}\"},\"query-input\":{\"@type\":\"PropertyValueSpecification\",\"valueRequired\":true,\"valueName\":\"search_term_string\"}}],\"inLanguage\":\"de\"}]}<\/script>\n<!-- \/ Yoast SEO plugin. -->","yoast_head_json":{"title":"Nichtfinanzieller Bericht 2024 | Rosenbauer","robots":{"index":"index","follow":"follow","max-snippet":"max-snippet:-1","max-image-preview":"max-image-preview:large","max-video-preview":"max-video-preview:-1"},"canonical":"https:\/\/bericht.rosenbauer.com\/2024\/nichtfinanzieller-bericht\/","og_locale":"de_DE","og_type":"article","og_title":"Nichtfinanzieller Bericht 2024 | Rosenbauer","og_description":"Nichtfinanzieller Bericht Vorwort des Vorstandes Sehr geehrte Damen und Herren, mit dem Nichtfinanziellen Bericht 2024 informiert die Rosenbauer International AG \u00fcber wesentliche Nachhaltigkeitsthemen und den Stand ihrer Integration in die Unternehmensstrategie und das Gesch\u00e4ftsmodell von Rosenbauer. Markus Richter, CFO, Sebastian Wolf, CEO, Andreas Zeller, CSO Im Berichtsjahr wurden wichtige Schritte in den Bereichen Nachhaltigkeit und [&hellip;]","og_url":"https:\/\/bericht.rosenbauer.com\/2024\/nichtfinanzieller-bericht\/","og_site_name":"Rosenbauer","article_modified_time":"2025-04-09T07:42:06+00:00","og_image":[{"width":1920,"height":913,"url":"https:\/\/bericht.rosenbauer.com\/2024\/wp-content\/uploads\/Vorstand.jpg","type":"image\/jpeg"}],"twitter_card":"summary_large_image","twitter_misc":{"Gesch\u00e4tzte Lesezeit":"2\u00a0Minuten"},"schema":{"@context":"https:\/\/schema.org","@graph":[{"@type":"WebPage","@id":"https:\/\/bericht.rosenbauer.com\/2024\/nichtfinanzieller-bericht\/","url":"https:\/\/bericht.rosenbauer.com\/2024\/nichtfinanzieller-bericht\/","name":"Nichtfinanzieller Bericht 2024 | Rosenbauer","isPartOf":{"@id":"https:\/\/bericht.rosenbauer.com\/2024\/#website"},"primaryImageOfPage":{"@id":"https:\/\/bericht.rosenbauer.com\/2024\/nichtfinanzieller-bericht\/#primaryimage"},"image":{"@id":"https:\/\/bericht.rosenbauer.com\/2024\/nichtfinanzieller-bericht\/#primaryimage"},"thumbnailUrl":"https:\/\/bericht.rosenbauer.com\/2024\/wp-content\/uploads\/Vorstand-1536x730.jpg","datePublished":"2020-03-26T13:45:44+00:00","dateModified":"2025-04-09T07:42:06+00:00","breadcrumb":{"@id":"https:\/\/bericht.rosenbauer.com\/2024\/nichtfinanzieller-bericht\/#breadcrumb"},"inLanguage":"de","potentialAction":[{"@type":"ReadAction","target":["https:\/\/bericht.rosenbauer.com\/2024\/nichtfinanzieller-bericht\/"]}]},{"@type":"ImageObject","inLanguage":"de","@id":"https:\/\/bericht.rosenbauer.com\/2024\/nichtfinanzieller-bericht\/#primaryimage","url":"https:\/\/bericht.rosenbauer.com\/2024\/wp-content\/uploads\/Vorstand.jpg","contentUrl":"https:\/\/bericht.rosenbauer.com\/2024\/wp-content\/uploads\/Vorstand.jpg","width":1920,"height":913},{"@type":"BreadcrumbList","@id":"https:\/\/bericht.rosenbauer.com\/2024\/nichtfinanzieller-bericht\/#breadcrumb","itemListElement":[{"@type":"ListItem","position":1,"name":"Startseite","item":"https:\/\/bericht.rosenbauer.com\/2024\/"},{"@type":"ListItem","position":2,"name":"Nichtfinanzieller Bericht 2024"}]},{"@type":"WebSite","@id":"https:\/\/bericht.rosenbauer.com\/2024\/#website","url":"https:\/\/bericht.rosenbauer.com\/2024\/","name":"Rosenbauer","description":"","potentialAction":[{"@type":"SearchAction","target":{"@type":"EntryPoint","urlTemplate":"https:\/\/bericht.rosenbauer.com\/2024\/?s={search_term_string}"},"query-input":{"@type":"PropertyValueSpecification","valueRequired":true,"valueName":"search_term_string"}}],"inLanguage":"de"}]}},"_links":{"self":[{"href":"https:\/\/bericht.rosenbauer.com\/2024\/wp-json\/wp\/v2\/pages\/340","targetHints":{"allow":["GET"]}}],"collection":[{"href":"https:\/\/bericht.rosenbauer.com\/2024\/wp-json\/wp\/v2\/pages"}],"about":[{"href":"https:\/\/bericht.rosenbauer.com\/2024\/wp-json\/wp\/v2\/types\/page"}],"author":[{"embeddable":true,"href":"https:\/\/bericht.rosenbauer.com\/2024\/wp-json\/wp\/v2\/users\/1"}],"replies":[{"embeddable":true,"href":"https:\/\/bericht.rosenbauer.com\/2024\/wp-json\/wp\/v2\/comments?post=340"}],"version-history":[{"count":0,"href":"https:\/\/bericht.rosenbauer.com\/2024\/wp-json\/wp\/v2\/pages\/340\/revisions"}],"wp:attachment":[{"href":"https:\/\/bericht.rosenbauer.com\/2024\/wp-json\/wp\/v2\/media?parent=340"}],"curies":[{"name":"wp","href":"https:\/\/api.w.org\/{rel}","templated":true}]}}