{"id":342,"date":"2020-03-28T14:48:55","date_gmt":"2020-03-28T13:48:55","guid":{"rendered":"https:\/\/bericht.rosenbauer.com\/2019\/?page_id=342"},"modified":"2025-04-10T14:50:49","modified_gmt":"2025-04-10T12:50:49","slug":"brief-des-vorstands","status":"publish","type":"page","link":"https:\/\/bericht.rosenbauer.com\/2024\/geschaeftsbericht\/brief-des-vorstands\/","title":{"rendered":"Brief des Vorstands"},"content":{"rendered":"\t\t<div data-elementor-type=\"wp-page\" data-elementor-id=\"342\" class=\"elementor elementor-342\" data-elementor-post-type=\"page\">\n\t\t\t\t\t\t<section class=\"elementor-section elementor-top-section elementor-element elementor-element-36c8c84 elementor-section-boxed elementor-section-height-default elementor-section-height-default\" data-id=\"36c8c84\" data-element_type=\"section\">\n\t\t\t\t\t\t<div class=\"elementor-container elementor-column-gap-default\">\n\t\t\t\t\t<div class=\"elementor-column elementor-col-100 elementor-top-column elementor-element elementor-element-fdae578\" data-id=\"fdae578\" data-element_type=\"column\">\n\t\t\t<div class=\"elementor-widget-wrap elementor-element-populated\">\n\t\t\t\t\t\t<div class=\"elementor-element elementor-element-6cf545c elementor-widget elementor-widget-spacer\" data-id=\"6cf545c\" data-element_type=\"widget\" data-widget_type=\"spacer.default\">\n\t\t\t\t<div class=\"elementor-widget-container\">\n\t\t\t\t\t\t\t<div class=\"elementor-spacer\">\n\t\t\t<div class=\"elementor-spacer-inner\"><\/div>\n\t\t<\/div>\n\t\t\t\t\t\t<\/div>\n\t\t\t\t<\/div>\n\t\t\t\t<div class=\"elementor-element elementor-element-13cc3ea elementor-widget elementor-widget-heading\" data-id=\"13cc3ea\" data-element_type=\"widget\" data-widget_type=\"heading.default\">\n\t\t\t\t<div class=\"elementor-widget-container\">\n\t\t\t\t\t<h1 class=\"elementor-heading-title elementor-size-default\">Brief des Vorstands&shy;vorsitzenden<\/h1>\t\t\t\t<\/div>\n\t\t\t\t<\/div>\n\t\t\t\t<div class=\"elementor-element elementor-element-257c5b6 elementor-widget elementor-widget-heading\" data-id=\"257c5b6\" data-element_type=\"widget\" data-widget_type=\"heading.default\">\n\t\t\t\t<div class=\"elementor-widget-container\">\n\t\t\t\t\t<h4 class=\"elementor-heading-title elementor-size-default\">Liebe Aktion\u00e4rinnen, liebe Aktion\u00e4re,<\/h4>\t\t\t\t<\/div>\n\t\t\t\t<\/div>\n\t\t\t\t\t<\/div>\n\t\t<\/div>\n\t\t\t\t\t<\/div>\n\t\t<\/section>\n\t\t\t\t<section class=\"elementor-section elementor-top-section elementor-element elementor-element-4ba0da2 elementor-section-boxed elementor-section-height-default elementor-section-height-default\" data-id=\"4ba0da2\" data-element_type=\"section\">\n\t\t\t\t\t\t<div class=\"elementor-container elementor-column-gap-default\">\n\t\t\t\t\t<div class=\"elementor-column elementor-col-100 elementor-top-column elementor-element elementor-element-243d9ba\" data-id=\"243d9ba\" data-element_type=\"column\">\n\t\t\t<div class=\"elementor-widget-wrap elementor-element-populated\">\n\t\t\t\t\t\t<div class=\"elementor-element elementor-element-2d6f81b elementor-widget elementor-widget-spacer\" data-id=\"2d6f81b\" data-element_type=\"widget\" data-widget_type=\"spacer.default\">\n\t\t\t\t<div class=\"elementor-widget-container\">\n\t\t\t\t\t\t\t<div class=\"elementor-spacer\">\n\t\t\t<div class=\"elementor-spacer-inner\"><\/div>\n\t\t<\/div>\n\t\t\t\t\t\t<\/div>\n\t\t\t\t<\/div>\n\t\t\t\t<div class=\"elementor-element elementor-element-7b70c4fb elementor-widget elementor-widget-text-editor\" data-id=\"7b70c4fb\" data-element_type=\"widget\" data-widget_type=\"text-editor.default\">\n\t\t\t\t<div class=\"elementor-widget-container\">\n\t\t\t\t\t\t\t\t\t<p>politische Turbulenzen in der Europ\u00e4ischen Union, der fortdauernde Angriffskrieg Russlands gegen die Ukraine, \u201eLand unter\u201c nach Jahrhunderthochwassern in S\u00fcddeutschland, \u00d6sterreich, Polen, Tschechien und in der Slowakei, die Industrie in der Rezession \u2013 diese Themen haben 2024 f\u00fcr Schlagzeilen gesorgt. Dementsprechend d\u00fcrften die \u00f6sterreichischen Exporte nach Ansicht von Expertinnen und Experten gesunken sein und der private Konsum d\u00fcrfte trotz steigender Realeinkommen bisher nicht zugelegt haben.<\/p>\t\t\t\t\t\t\t\t<\/div>\n\t\t\t\t<\/div>\n\t\t\t\t<div class=\"elementor-element elementor-element-c31a590 elementor-widget elementor-widget-spacer\" data-id=\"c31a590\" data-element_type=\"widget\" data-widget_type=\"spacer.default\">\n\t\t\t\t<div class=\"elementor-widget-container\">\n\t\t\t\t\t\t\t<div class=\"elementor-spacer\">\n\t\t\t<div class=\"elementor-spacer-inner\"><\/div>\n\t\t<\/div>\n\t\t\t\t\t\t<\/div>\n\t\t\t\t<\/div>\n\t\t\t\t<section class=\"elementor-section elementor-inner-section elementor-element elementor-element-4036a30 elementor-section-full_width elementor-section-height-default elementor-section-height-default\" data-id=\"4036a30\" data-element_type=\"section\">\n\t\t\t\t\t\t<div class=\"elementor-container elementor-column-gap-default\">\n\t\t\t\t\t<div class=\"elementor-column elementor-col-50 elementor-inner-column elementor-element elementor-element-fc36577\" data-id=\"fc36577\" data-element_type=\"column\">\n\t\t\t<div class=\"elementor-widget-wrap elementor-element-populated\">\n\t\t\t\t\t\t<div class=\"elementor-element elementor-element-51b40ac elementor-widget elementor-widget-image\" data-id=\"51b40ac\" data-element_type=\"widget\" data-widget_type=\"image.default\">\n\t\t\t\t<div class=\"elementor-widget-container\">\n\t\t\t\t\t\t\t\t\t\t\t\t\t\t\t<img fetchpriority=\"high\" decoding=\"async\" width=\"798\" height=\"1024\" src=\"https:\/\/bericht.rosenbauer.com\/2024\/wp-content\/uploads\/SebastianWolf-798x1024.jpg\" class=\"attachment-large size-large wp-image-21430\" alt=\"\" srcset=\"https:\/\/bericht.rosenbauer.com\/2024\/wp-content\/uploads\/SebastianWolf-798x1024.jpg 798w, https:\/\/bericht.rosenbauer.com\/2024\/wp-content\/uploads\/SebastianWolf-234x300.jpg 234w, https:\/\/bericht.rosenbauer.com\/2024\/wp-content\/uploads\/SebastianWolf-768x986.jpg 768w, https:\/\/bericht.rosenbauer.com\/2024\/wp-content\/uploads\/SebastianWolf-1197x1536.jpg 1197w, https:\/\/bericht.rosenbauer.com\/2024\/wp-content\/uploads\/SebastianWolf.jpg 1396w\" sizes=\"(max-width: 798px) 100vw, 798px\" \/>\t\t\t\t\t\t\t\t\t\t\t\t\t\t\t<\/div>\n\t\t\t\t<\/div>\n\t\t\t\t\t<\/div>\n\t\t<\/div>\n\t\t\t\t<div class=\"elementor-column elementor-col-50 elementor-inner-column elementor-element elementor-element-cd84dd7\" data-id=\"cd84dd7\" data-element_type=\"column\">\n\t\t\t<div class=\"elementor-widget-wrap elementor-element-populated\">\n\t\t\t\t\t\t<div class=\"elementor-element elementor-element-f640222 elementor-widget elementor-widget-zitat-modul\" data-id=\"f640222\" data-element_type=\"widget\" data-widget_type=\"zitat-modul.default\">\n\t\t\t\t<div class=\"elementor-widget-container\">\n\t\t\t\t\t\n            <div class=\"zitat-container\">\n                \n                <div class=\"zitat-text-container\">\n                    <p class=\"zitat-text red\">Wir haben 2024 noch einmal kr\u00e4ftig nachgelegt und den erfolgreichen Turnaround best\u00e4tigt. Die Ergebnisse markieren teilweise historische H\u00f6chstwerte.<\/p>\n                    <p class=\"zitat-unterzeite\">Sebastian Wolf, CEO<\/p>\n                <\/div>\n                \n                \n            <\/div>\t\t\t\t<\/div>\n\t\t\t\t<\/div>\n\t\t\t\t\t<\/div>\n\t\t<\/div>\n\t\t\t\t\t<\/div>\n\t\t<\/section>\n\t\t\t\t<div class=\"elementor-element elementor-element-0877cf9 elementor-widget elementor-widget-spacer\" data-id=\"0877cf9\" data-element_type=\"widget\" data-widget_type=\"spacer.default\">\n\t\t\t\t<div class=\"elementor-widget-container\">\n\t\t\t\t\t\t\t<div class=\"elementor-spacer\">\n\t\t\t<div class=\"elementor-spacer-inner\"><\/div>\n\t\t<\/div>\n\t\t\t\t\t\t<\/div>\n\t\t\t\t<\/div>\n\t\t\t\t<div class=\"elementor-element elementor-element-d85e876 elementor-widget elementor-widget-text-editor\" data-id=\"d85e876\" data-element_type=\"widget\" data-widget_type=\"text-editor.default\">\n\t\t\t\t<div class=\"elementor-widget-container\">\n\t\t\t\t\t\t\t\t\t<p>F\u00fcr den Rosenbauer Konzern war 2024 das zweite Jahr einer erfolgreichen Turnaround-Phase, in der wir wie angek\u00fcndigt noch einmal deutlich nachgelegt haben. Hatten wir uns im Zuge des Krisenjahres 2022 zuallererst auf die Reduktion unserer Herstellkosten konzentriert, so haben wir im Berichtsjahr unser Augenmerk auf die Optimierung unseres Hauptwertsch\u00f6pfungsprozesses \u2013 das Anbieten, Verkaufen und Bauen von Feuerwehrfahrzeugen gerichtet. Im Rahmen des Projektes \u201eOffer to Cash\u201c haben wir folglich alle Teilprozesse, von der Angebotslegung bis zur Fahrzeug\u00fcbergabe, genauestens unter die Lupe genommen, zahlreiche Ergebnisverbesserungspotenziale identifiziert und teilweise bereits umgesetzt. Diese werden wir nun weiter Zug um Zug aussch\u00f6pfen.<\/p><p>Die Ergebnisse des Gesch\u00e4ftsjahres 2024 selbst markieren teilweise absolute H\u00f6chstst\u00e4nde in der Unternehmensgeschichte von Rosenbauer und zeigen eindeutig: Wir haben die Trendumkehr geschafft! Dank h\u00f6herer Fahrzeugauslieferungen und Zuw\u00e4chsen bei Ausr\u00fcstung, Kundenservice sowie Komponenten konnten wir den Konzernumsatz im Jahresvergleich deutlich, n\u00e4mlich um 23 %, auf 1.305,9 Mio. \u20ac steigern. Das EBIT erh\u00f6hte sich durch die Ma\u00dfnahmen zur Profitabilit\u00e4tsverbesserung auf 64,9 Mio. \u20ac und das EBT verdreifachte sich trotz h\u00f6herer Finanzierungskosten auf 26,3 Mio. \u20ac. Gleichzeitig ist es uns gelungen, das betriebsnotwendige Kapital, oder anders formuliert, die Vorausfinanzierungen f\u00fcr unsere Kundenauftr\u00e4ge, klar zu senken.<\/p><p>Je k\u00fcrzer unsere Durchlaufzeiten sind, je schneller wir unsere Auftr\u00e4ge durchf\u00fchren, je schneller wir Zahlungseing\u00e4nge verbuchen und je h\u00f6her die Anzahlungen der Kundinnen und Kunden sind, umso weniger Kapital m\u00fcssen wir einsetzen und umso effizienter sind wir. Dazu haben wir uns auch f\u00fcr 2025 weitere Verbesserungen vorgenommen.<\/p><p>2024 war aber auch ein Jahr, in dem wir unsere Innovationskraft bewiesen haben. So haben wir etwa mit dem HEROS H10 einen neuartigen Waldbrandhelm eingef\u00fchrt, der gleich f\u00fcnf europ\u00e4ische Schutznormen erf\u00fcllt und von den Einsatzkr\u00e4ften vielseitig verwendet werden kann. Auf der Feuerwehrmesse \u201eFLORIAN\u201c in Dresden haben wir mit der neuen FOX die leistungsf\u00e4higste Tragkraftspritze aller Zeiten vorgestellt.<\/p><p>Und wir haben die Elektrifizierung unserer Fahrzeugflotte konsequent fortgesetzt: Seit Oktober kann der PANTHER 6&#215;6 electric, den wir auf der Interschutz 2022 als Konzeptstudie pr\u00e4sentiert haben, von interessierten Flughafenfeuerwehren als Vorserienfahrzeug bestellt werden. Der vollelektrische Zwilling des legend\u00e4ren PANTHER entfaltet dabei im \u201eBoost Mode\u201c eine enorme Kraft und erreicht eine bessere Beschleunigung und H\u00f6chstgeschwindigkeit als ein konventionell angetriebenes Flughafenl\u00f6schfahrzeug. Die deutliche Reduktion der CO<sub>2<\/sub>-Emissionen im allt\u00e4glichen Dienst unterst\u00fctzt zudem die Flughafenbetreibenden beim Erreichen ihrer Klimaschutzziele. Die ersten beiden PANTHER 6&#215;6 electric sind bereits bestellt und werden an den Dallas Love Field Airport, Texas, sowie den Christchurch International Airport, Neuseeland, ausgeliefert.<\/p><p>Nachhaltigkeit ist f\u00fcr den Rosenbauer Konzern ein wichtiges Zukunftsthema und ein integraler Bestandteil unserer langfristigen Unternehmensstrategie. Darum haben wir \u00fcber das Gesch\u00e4ftsjahr 2024 erstmalig einen nichtfinanziellen Bericht gem\u00e4\u00df European Sustainability Reporting Standards (ESRS). Auch wenn das \u00f6sterreichische Umsetzungsgesetz zur Corporate Sustainability Reporting Directive derzeit noch aussteht, setzen wir mit der transparenten Darstellung unserer Nachhaltigkeitsleistung ein klares Zeichen f\u00fcr die Bedeutung nichtfinanzieller Ziele. Unser Fokus liegt darauf, neben einer verantwortungsvollen Unternehmensf\u00fchrung auch Umwelt- und Sozialaspekte in unser Gesch\u00e4ftsmodell zu integrieren. Die aktualisierte Berichterstattung bietet dabei allen Leserinnen und Lesern eine fundierte Grundlage, um unser Engagement f\u00fcr ein nachhaltiges und profitables Wachstum nachzuvollziehen.<\/p><p>Ein Rekord-Auftragseingang von 1.705,2 Mio. \u20ac hat unser Orderbuch 2024 abermals kr\u00e4ftig anwachsen lassen und gibt berechtigten Anlass f\u00fcr Optimismus. Der Auftragsbestand liegt nunmehr bei 2.279,8 Mio. \u20ac und sichert unsere Auslastung bis 2026. Er spiegelt nicht nur die breite Aufstellung unserer Unternehmensgruppe wider, sondern auch das ungebrochene Vertrauen unserer Kunden, das wir uns durch unser konsequentes Beziehungsmanagment und Produktinnovationen bewahren konnten. Auf dieser Basis rechnen wir, als Konzernvorstand, f\u00fcr 2025 mit einem weiteren Umsatz- und Ergebnisanstieg und gehen von einem Umsatz von etwa 1,5 Mrd. \u20ac sowie einer EBIT-Marge von \u00fcber 6 % aus.<\/p><p>Seit Februar dieses Jahres haben wir f\u00fcr unseren weiteren Weg eine neue, starke Mehrheitseigent\u00fcmerin, die Robau Beteiligungsverwaltung, an unserer Seite. Dieses \u00f6sterreichische Konsortium unterst\u00fctzt die strategische Positionierung von Rosenbauer als einzigen Global Player in seiner Industrie und will mit uns die Weltmarktf\u00fchrerschaft weiter ausbauen. Mit der Umsetzung der Kapitalerh\u00f6hung sind unserer Gruppe rund 119 Mio. \u20ac an frischen Mitteln zugeflossen, wodurch sich unsere Eigenkapitalquote (basierend auf dem Jahresabschluss 2024) auf 26 % erh\u00f6ht. Die zur\u00fcckgewonnene Stabilit\u00e4t sichert uns nicht nur das Vertrauen der Investorinnen und Investoren und Finanzierungspartnerschaften, sondern schafft den notwendigen Spielraum, um kommende Wachstumschancen zu nutzen.<\/p><p>An dieser Stelle m\u00f6chte ich mich sehr herzlich bei unseren Mitarbeiterinnen und Mitarbeitern bedanken, die im vergangenen Jahr ein hohes Ma\u00df an Leistungsbereitschaft und Engagement gezeigt haben. Ihnen, sehr geehrte Aktion\u00e4rinnen und Aktion\u00e4re, darf ich f\u00fcr Ihre Unterst\u00fctzung auf dem zur\u00fcckliegenden Weg danken, und freue mich, wenn wir weiter auf Ihr Vertrauen z\u00e4hlen k\u00f6nnen.<\/p><p>Ihr Sebastian Wolf<br \/>CEO, Rosenbauer International<\/p>\t\t\t\t\t\t\t\t<\/div>\n\t\t\t\t<\/div>\n\t\t\t\t\t<\/div>\n\t\t<\/div>\n\t\t\t\t\t<\/div>\n\t\t<\/section>\n\t\t\t\t<\/div>\n\t\t","protected":false},"excerpt":{"rendered":"<p>Brief des Vorstands&shy;vorsitzenden Liebe Aktion\u00e4rinnen, liebe Aktion\u00e4re, politische Turbulenzen in der Europ\u00e4ischen Union, der fortdauernde Angriffskrieg Russlands gegen die Ukraine, \u201eLand unter\u201c nach Jahrhunderthochwassern in S\u00fcddeutschland, \u00d6sterreich, Polen, Tschechien und in der Slowakei, die Industrie in der Rezession \u2013 diese Themen haben 2024 f\u00fcr Schlagzeilen gesorgt. Dementsprechend d\u00fcrften die \u00f6sterreichischen Exporte nach Ansicht von Expertinnen [&hellip;]<\/p>\n","protected":false},"author":1,"featured_media":0,"parent":11,"menu_order":110,"comment_status":"closed","ping_status":"closed","template":"","meta":{"_acf_changed":false,"footnotes":""},"class_list":["post-342","page","type-page","status-publish","hentry"],"acf":[],"yoast_head":"<!-- This site is optimized with the Yoast SEO plugin v24.8.1 - https:\/\/yoast.com\/wordpress\/plugins\/seo\/ -->\n<title>Brief des Vorstands | Rosenbauer<\/title>\n<meta name=\"robots\" content=\"index, follow, max-snippet:-1, max-image-preview:large, max-video-preview:-1\" \/>\n<link rel=\"canonical\" href=\"https:\/\/bericht.rosenbauer.com\/2024\/geschaeftsbericht\/brief-des-vorstands\/\" \/>\n<meta property=\"og:locale\" content=\"de_DE\" \/>\n<meta property=\"og:type\" content=\"article\" \/>\n<meta property=\"og:title\" content=\"Brief des Vorstands | Rosenbauer\" \/>\n<meta property=\"og:description\" content=\"Brief des Vorstands&shy;vorsitzenden Liebe Aktion\u00e4rinnen, liebe Aktion\u00e4re, politische Turbulenzen in der Europ\u00e4ischen Union, der fortdauernde Angriffskrieg Russlands gegen die Ukraine, \u201eLand unter\u201c nach Jahrhunderthochwassern in S\u00fcddeutschland, \u00d6sterreich, Polen, Tschechien und in der Slowakei, die Industrie in der Rezession \u2013 diese Themen haben 2024 f\u00fcr Schlagzeilen gesorgt. Dementsprechend d\u00fcrften die \u00f6sterreichischen Exporte nach Ansicht von Expertinnen [&hellip;]\" \/>\n<meta property=\"og:url\" content=\"https:\/\/bericht.rosenbauer.com\/2024\/geschaeftsbericht\/brief-des-vorstands\/\" \/>\n<meta property=\"og:site_name\" content=\"Rosenbauer\" \/>\n<meta property=\"article:modified_time\" content=\"2025-04-10T12:50:49+00:00\" \/>\n<meta property=\"og:image\" content=\"https:\/\/bericht.rosenbauer.com\/2024\/wp-content\/uploads\/SebastianWolf.jpg\" \/>\n\t<meta property=\"og:image:width\" content=\"1396\" \/>\n\t<meta property=\"og:image:height\" content=\"1792\" \/>\n\t<meta property=\"og:image:type\" content=\"image\/jpeg\" \/>\n<meta name=\"twitter:card\" content=\"summary_large_image\" \/>\n<meta name=\"twitter:label1\" content=\"Gesch\u00e4tzte Lesezeit\" \/>\n\t<meta name=\"twitter:data1\" content=\"5\u00a0Minuten\" \/>\n<script type=\"application\/ld+json\" class=\"yoast-schema-graph\">{\"@context\":\"https:\/\/schema.org\",\"@graph\":[{\"@type\":\"WebPage\",\"@id\":\"https:\/\/bericht.rosenbauer.com\/2024\/geschaeftsbericht\/brief-des-vorstands\/\",\"url\":\"https:\/\/bericht.rosenbauer.com\/2024\/geschaeftsbericht\/brief-des-vorstands\/\",\"name\":\"Brief des Vorstands | Rosenbauer\",\"isPartOf\":{\"@id\":\"https:\/\/bericht.rosenbauer.com\/2024\/#website\"},\"primaryImageOfPage\":{\"@id\":\"https:\/\/bericht.rosenbauer.com\/2024\/geschaeftsbericht\/brief-des-vorstands\/#primaryimage\"},\"image\":{\"@id\":\"https:\/\/bericht.rosenbauer.com\/2024\/geschaeftsbericht\/brief-des-vorstands\/#primaryimage\"},\"thumbnailUrl\":\"https:\/\/bericht.rosenbauer.com\/2024\/wp-content\/uploads\/SebastianWolf-798x1024.jpg\",\"datePublished\":\"2020-03-28T13:48:55+00:00\",\"dateModified\":\"2025-04-10T12:50:49+00:00\",\"breadcrumb\":{\"@id\":\"https:\/\/bericht.rosenbauer.com\/2024\/geschaeftsbericht\/brief-des-vorstands\/#breadcrumb\"},\"inLanguage\":\"de\",\"potentialAction\":[{\"@type\":\"ReadAction\",\"target\":[\"https:\/\/bericht.rosenbauer.com\/2024\/geschaeftsbericht\/brief-des-vorstands\/\"]}]},{\"@type\":\"ImageObject\",\"inLanguage\":\"de\",\"@id\":\"https:\/\/bericht.rosenbauer.com\/2024\/geschaeftsbericht\/brief-des-vorstands\/#primaryimage\",\"url\":\"https:\/\/bericht.rosenbauer.com\/2024\/wp-content\/uploads\/SebastianWolf.jpg\",\"contentUrl\":\"https:\/\/bericht.rosenbauer.com\/2024\/wp-content\/uploads\/SebastianWolf.jpg\",\"width\":1396,\"height\":1792},{\"@type\":\"BreadcrumbList\",\"@id\":\"https:\/\/bericht.rosenbauer.com\/2024\/geschaeftsbericht\/brief-des-vorstands\/#breadcrumb\",\"itemListElement\":[{\"@type\":\"ListItem\",\"position\":1,\"name\":\"Startseite\",\"item\":\"https:\/\/bericht.rosenbauer.com\/2024\/\"},{\"@type\":\"ListItem\",\"position\":2,\"name\":\"Gesch\u00e4ftsbericht\",\"item\":\"https:\/\/bericht.rosenbauer.com\/2024\/\"},{\"@type\":\"ListItem\",\"position\":3,\"name\":\"Brief des Vorstands\"}]},{\"@type\":\"WebSite\",\"@id\":\"https:\/\/bericht.rosenbauer.com\/2024\/#website\",\"url\":\"https:\/\/bericht.rosenbauer.com\/2024\/\",\"name\":\"Rosenbauer\",\"description\":\"\",\"potentialAction\":[{\"@type\":\"SearchAction\",\"target\":{\"@type\":\"EntryPoint\",\"urlTemplate\":\"https:\/\/bericht.rosenbauer.com\/2024\/?s={search_term_string}\"},\"query-input\":{\"@type\":\"PropertyValueSpecification\",\"valueRequired\":true,\"valueName\":\"search_term_string\"}}],\"inLanguage\":\"de\"}]}<\/script>\n<!-- \/ Yoast SEO plugin. -->","yoast_head_json":{"title":"Brief des Vorstands | Rosenbauer","robots":{"index":"index","follow":"follow","max-snippet":"max-snippet:-1","max-image-preview":"max-image-preview:large","max-video-preview":"max-video-preview:-1"},"canonical":"https:\/\/bericht.rosenbauer.com\/2024\/geschaeftsbericht\/brief-des-vorstands\/","og_locale":"de_DE","og_type":"article","og_title":"Brief des Vorstands | Rosenbauer","og_description":"Brief des Vorstands&shy;vorsitzenden Liebe Aktion\u00e4rinnen, liebe Aktion\u00e4re, politische Turbulenzen in der Europ\u00e4ischen Union, der fortdauernde Angriffskrieg Russlands gegen die Ukraine, \u201eLand unter\u201c nach Jahrhunderthochwassern in S\u00fcddeutschland, \u00d6sterreich, Polen, Tschechien und in der Slowakei, die Industrie in der Rezession \u2013 diese Themen haben 2024 f\u00fcr Schlagzeilen gesorgt. Dementsprechend d\u00fcrften die \u00f6sterreichischen Exporte nach Ansicht von Expertinnen [&hellip;]","og_url":"https:\/\/bericht.rosenbauer.com\/2024\/geschaeftsbericht\/brief-des-vorstands\/","og_site_name":"Rosenbauer","article_modified_time":"2025-04-10T12:50:49+00:00","og_image":[{"width":1396,"height":1792,"url":"https:\/\/bericht.rosenbauer.com\/2024\/wp-content\/uploads\/SebastianWolf.jpg","type":"image\/jpeg"}],"twitter_card":"summary_large_image","twitter_misc":{"Gesch\u00e4tzte Lesezeit":"5\u00a0Minuten"},"schema":{"@context":"https:\/\/schema.org","@graph":[{"@type":"WebPage","@id":"https:\/\/bericht.rosenbauer.com\/2024\/geschaeftsbericht\/brief-des-vorstands\/","url":"https:\/\/bericht.rosenbauer.com\/2024\/geschaeftsbericht\/brief-des-vorstands\/","name":"Brief des Vorstands | Rosenbauer","isPartOf":{"@id":"https:\/\/bericht.rosenbauer.com\/2024\/#website"},"primaryImageOfPage":{"@id":"https:\/\/bericht.rosenbauer.com\/2024\/geschaeftsbericht\/brief-des-vorstands\/#primaryimage"},"image":{"@id":"https:\/\/bericht.rosenbauer.com\/2024\/geschaeftsbericht\/brief-des-vorstands\/#primaryimage"},"thumbnailUrl":"https:\/\/bericht.rosenbauer.com\/2024\/wp-content\/uploads\/SebastianWolf-798x1024.jpg","datePublished":"2020-03-28T13:48:55+00:00","dateModified":"2025-04-10T12:50:49+00:00","breadcrumb":{"@id":"https:\/\/bericht.rosenbauer.com\/2024\/geschaeftsbericht\/brief-des-vorstands\/#breadcrumb"},"inLanguage":"de","potentialAction":[{"@type":"ReadAction","target":["https:\/\/bericht.rosenbauer.com\/2024\/geschaeftsbericht\/brief-des-vorstands\/"]}]},{"@type":"ImageObject","inLanguage":"de","@id":"https:\/\/bericht.rosenbauer.com\/2024\/geschaeftsbericht\/brief-des-vorstands\/#primaryimage","url":"https:\/\/bericht.rosenbauer.com\/2024\/wp-content\/uploads\/SebastianWolf.jpg","contentUrl":"https:\/\/bericht.rosenbauer.com\/2024\/wp-content\/uploads\/SebastianWolf.jpg","width":1396,"height":1792},{"@type":"BreadcrumbList","@id":"https:\/\/bericht.rosenbauer.com\/2024\/geschaeftsbericht\/brief-des-vorstands\/#breadcrumb","itemListElement":[{"@type":"ListItem","position":1,"name":"Startseite","item":"https:\/\/bericht.rosenbauer.com\/2024\/"},{"@type":"ListItem","position":2,"name":"Gesch\u00e4ftsbericht","item":"https:\/\/bericht.rosenbauer.com\/2024\/"},{"@type":"ListItem","position":3,"name":"Brief des Vorstands"}]},{"@type":"WebSite","@id":"https:\/\/bericht.rosenbauer.com\/2024\/#website","url":"https:\/\/bericht.rosenbauer.com\/2024\/","name":"Rosenbauer","description":"","potentialAction":[{"@type":"SearchAction","target":{"@type":"EntryPoint","urlTemplate":"https:\/\/bericht.rosenbauer.com\/2024\/?s={search_term_string}"},"query-input":{"@type":"PropertyValueSpecification","valueRequired":true,"valueName":"search_term_string"}}],"inLanguage":"de"}]}},"_links":{"self":[{"href":"https:\/\/bericht.rosenbauer.com\/2024\/wp-json\/wp\/v2\/pages\/342","targetHints":{"allow":["GET"]}}],"collection":[{"href":"https:\/\/bericht.rosenbauer.com\/2024\/wp-json\/wp\/v2\/pages"}],"about":[{"href":"https:\/\/bericht.rosenbauer.com\/2024\/wp-json\/wp\/v2\/types\/page"}],"author":[{"embeddable":true,"href":"https:\/\/bericht.rosenbauer.com\/2024\/wp-json\/wp\/v2\/users\/1"}],"replies":[{"embeddable":true,"href":"https:\/\/bericht.rosenbauer.com\/2024\/wp-json\/wp\/v2\/comments?post=342"}],"version-history":[{"count":3,"href":"https:\/\/bericht.rosenbauer.com\/2024\/wp-json\/wp\/v2\/pages\/342\/revisions"}],"predecessor-version":[{"id":21731,"href":"https:\/\/bericht.rosenbauer.com\/2024\/wp-json\/wp\/v2\/pages\/342\/revisions\/21731"}],"up":[{"embeddable":true,"href":"https:\/\/bericht.rosenbauer.com\/2024\/wp-json\/wp\/v2\/pages\/11"}],"wp:attachment":[{"href":"https:\/\/bericht.rosenbauer.com\/2024\/wp-json\/wp\/v2\/media?parent=342"}],"curies":[{"name":"wp","href":"https:\/\/api.w.org\/{rel}","templated":true}]}}